{"id":2882,"date":"2023-09-07T10:46:38","date_gmt":"2023-09-07T08:46:38","guid":{"rendered":"https:\/\/www.media-ap.com\/?page_id=2882"},"modified":"2025-02-12T09:36:05","modified_gmt":"2025-02-12T08:36:05","slug":"our-expertise","status":"publish","type":"page","link":"http:\/\/www.media-ap.com\/en\/our-expertise\/","title":{"rendered":"Our expertise"},"content":{"rendered":"<div data-elementor-type=\"wp-page\" data-elementor-id=\"2882\" class=\"elementor elementor-2882\">\n\t\t\t\t\t\t\t\t\t<section class=\"elementor-section elementor-top-section elementor-element elementor-element-c90253f elementor-section-boxed elementor-section-height-default elementor-section-height-default\" data-id=\"c90253f\" data-element_type=\"section\" data-settings=\"{&quot;background_background&quot;:&quot;classic&quot;}\">\n\t\t\t\t\t\t\t<div class=\"elementor-background-overlay\"><\/div>\n\t\t\t\t\t\t\t<div class=\"elementor-container elementor-column-gap-no\">\n\t\t\t\t\t<div class=\"elementor-column elementor-col-100 elementor-top-column elementor-element elementor-element-f564d76\" data-id=\"f564d76\" data-element_type=\"column\">\n\t\t\t<div class=\"elementor-widget-wrap elementor-element-populated\">\n\t\t\t\t\t\t\t\t<div class=\"elementor-element elementor-element-801122e elementor-widget-divider--view-line elementor-widget elementor-widget-divider\" data-id=\"801122e\" data-element_type=\"widget\" data-widget_type=\"divider.default\">\n\t\t\t\t<div class=\"elementor-widget-container\">\n\t\t\t\t\t<div class=\"elementor-divider\">\n\t\t\t<span class=\"elementor-divider-separator\">\n\t\t\t\t\t\t<\/span>\n\t\t<\/div>\n\t\t\t\t<\/div>\n\t\t\t\t<\/div>\n\t\t\t\t<div class=\"elementor-element elementor-element-647ba20 elementor-widget elementor-widget-heading\" data-id=\"647ba20\" data-element_type=\"widget\" data-widget_type=\"heading.default\">\n\t\t\t\t<div class=\"elementor-widget-container\">\n\t\t\t<h1 class=\"elementor-heading-title elementor-size-default\">Notre expertise<\/h1>\t\t<\/div>\n\t\t\t\t<\/div>\n\t\t\t\t<div class=\"elementor-element elementor-element-e8ee318 elementor-icon-list--layout-traditional elementor-list-item-link-full_width elementor-widget elementor-widget-icon-list\" data-id=\"e8ee318\" data-element_type=\"widget\" data-widget_type=\"icon-list.default\">\n\t\t\t\t<div class=\"elementor-widget-container\">\n\t\t\t\t\t<ul class=\"elementor-icon-list-items\">\n\t\t\t\t\t\t\t<li class=\"elementor-icon-list-item\">\n\t\t\t\t\t\t\t\t\t\t\t<span class=\"elementor-icon-list-icon\">\n\t\t\t\t\t\t\t<i aria-hidden=\"true\" class=\"fas fa-map-marker-alt\"><\/i>\t\t\t\t\t\t<\/span>\n\t\t\t\t\t\t\t\t\t\t<span class=\"elementor-icon-list-text\">Media Ap 31 Rue Stendhal Gennevilliers France<\/span>\n\t\t\t\t\t\t\t\t\t<\/li>\n\t\t\t\t\t\t<\/ul>\n\t\t\t\t<\/div>\n\t\t\t\t<\/div>\n\t\t\t\t\t<\/div>\n\t\t<\/div>\n\t\t\t\t\t\t\t<\/div>\n\t\t<\/section>\n\t\t\t\t<section class=\"elementor-section elementor-top-section elementor-element elementor-element-13301cb elementor-section-boxed elementor-section-height-default elementor-section-height-default\" data-id=\"13301cb\" data-element_type=\"section\">\n\t\t\t\t\t\t<div class=\"elementor-container elementor-column-gap-default\">\n\t\t\t\t\t<div class=\"elementor-column elementor-col-100 elementor-top-column elementor-element elementor-element-08786e0\" data-id=\"08786e0\" data-element_type=\"column\">\n\t\t\t<div class=\"elementor-widget-wrap elementor-element-populated\">\n\t\t\t\t\t\t\t\t<div class=\"elementor-element elementor-element-2b8aead elementor-widget elementor-widget-text-editor\" data-id=\"2b8aead\" data-element_type=\"widget\" data-widget_type=\"text-editor.default\">\n\t\t\t\t<div class=\"elementor-widget-container\">\n\t\t\t\t\t\t\t<p>En tant que partenaires sp\u00e9cialis\u00e9s de Microsoft, nous vous offrons des solutions et une expertise in\u00e9gal\u00e9es pour Microsoft 365 et Azure, garantissant que votre infrastructure est \u00e0 la fois puissante et \u00e9volutive. D\u00e9couvrez nos services Microsoft 365 qui vous aident \u00e0 tirer le meilleur parti de ces technologies de pointe.<\/p>\t\t\t\t\t\t<\/div>\n\t\t\t\t<\/div>\n\t\t\t\t\t<\/div>\n\t\t<\/div>\n\t\t\t\t\t\t\t<\/div>\n\t\t<\/section>\n\t\t\t\t<section class=\"elementor-section elementor-top-section elementor-element elementor-element-96f9f39 elementor-section-full_width elementor-section-height-default elementor-section-height-default\" data-id=\"96f9f39\" data-element_type=\"section\" data-settings=\"{&quot;background_background&quot;:&quot;classic&quot;}\">\n\t\t\t\t\t\t<div class=\"elementor-container elementor-column-gap-no\">\n\t\t\t\t\t<div class=\"elementor-column elementor-col-100 elementor-top-column elementor-element elementor-element-3e9565e\" data-id=\"3e9565e\" data-element_type=\"column\">\n\t\t\t<div class=\"elementor-widget-wrap elementor-element-populated\">\n\t\t\t\t\t\t\t\t<div class=\"elementor-element elementor-element-e1d542d elementor-widget elementor-widget-heading\" data-id=\"e1d542d\" data-element_type=\"widget\" data-widget_type=\"heading.default\">\n\t\t\t\t<div class=\"elementor-widget-container\">\n\t\t\t<h2 class=\"elementor-heading-title elementor-size-default\">How can we help you?<\/h2>\t\t<\/div>\n\t\t\t\t<\/div>\n\t\t\t\t\t<\/div>\n\t\t<\/div>\n\t\t\t\t\t\t\t<\/div>\n\t\t<\/section>\n\t\t\t\t<section class=\"elementor-section elementor-top-section elementor-element elementor-element-317653e elementor-section-boxed elementor-section-height-default elementor-section-height-default\" data-id=\"317653e\" data-element_type=\"section\" data-settings=\"{&quot;background_background&quot;:&quot;classic&quot;}\">\n\t\t\t\t\t\t<div class=\"elementor-container elementor-column-gap-no\">\n\t\t\t\t\t<div class=\"elementor-column elementor-col-25 elementor-top-column elementor-element elementor-element-17dbccd\" data-id=\"17dbccd\" data-element_type=\"column\">\n\t\t\t<div class=\"elementor-widget-wrap elementor-element-populated\">\n\t\t\t\t\t\t\t\t<div class=\"elementor-element elementor-element-c95fec0 elementor-vertical-align-top elementor-widget elementor-widget-image-box\" data-id=\"c95fec0\" data-element_type=\"widget\" data-widget_type=\"image-box.default\">\n\t\t\t\t<div class=\"elementor-widget-container\">\n\t\t\t<div class=\"elementor-image-box-wrapper\"><div class=\"elementor-image-box-content\"><h4 class=\"elementor-image-box-title\">Microsoft 365<\/h4><p class=\"elementor-image-box-description\">Nous vous aidons \u00e0 construire vos applications m\u00e9tiers en utilisant des plateformes collaboratives telles qu'Office 365 (SharePoint, Flow, PowerApps...) ou en partant de z\u00e9ro.<a style=\"color:#5200F1\" href=\"http:\/\/www.media-ap.com\/en\/ms-365-services\/\"> En savoir plus <\/a> <\/p><\/div><\/div>\t\t<\/div>\n\t\t\t\t<\/div>\n\t\t\t\t\t<\/div>\n\t\t<\/div>\n\t\t\t\t<div class=\"elementor-column elementor-col-25 elementor-top-column elementor-element elementor-element-4543c32\" data-id=\"4543c32\" data-element_type=\"column\">\n\t\t\t<div class=\"elementor-widget-wrap elementor-element-populated\">\n\t\t\t\t\t\t\t\t<div class=\"elementor-element elementor-element-da24f21 elementor-vertical-align-top elementor-widget elementor-widget-image-box\" data-id=\"da24f21\" data-element_type=\"widget\" data-widget_type=\"image-box.default\">\n\t\t\t\t<div class=\"elementor-widget-container\">\n\t\t\t<div class=\"elementor-image-box-wrapper\"><div class=\"elementor-image-box-content\"><h4 class=\"elementor-image-box-title\">Expertise IA<\/h4><p class=\"elementor-image-box-description\">Notre \u00e9quipe d'experts en IA travaille en \u00e9troite collaboration avec nos clients pour int\u00e9grer des fonctionnalit\u00e9s d'IA dans leurs syst\u00e8mes, am\u00e9liorant ainsi l'efficacit\u00e9 op\u00e9rationnelle et ouvrant de nouvelles perspectives en mati\u00e8re de transformation num\u00e9rique<\/p><\/div><\/div>\t\t<\/div>\n\t\t\t\t<\/div>\n\t\t\t\t\t<\/div>\n\t\t<\/div>\n\t\t\t\t<div class=\"elementor-column elementor-col-25 elementor-top-column elementor-element elementor-element-410d605\" data-id=\"410d605\" data-element_type=\"column\">\n\t\t\t<div class=\"elementor-widget-wrap elementor-element-populated\">\n\t\t\t\t\t\t\t\t<div class=\"elementor-element elementor-element-8323ce7 elementor-vertical-align-top elementor-widget elementor-widget-image-box\" data-id=\"8323ce7\" data-element_type=\"widget\" data-widget_type=\"image-box.default\">\n\t\t\t\t<div class=\"elementor-widget-container\">\n\t\t\t<div class=\"elementor-image-box-wrapper\"><div class=\"elementor-image-box-content\"><h4 class=\"elementor-image-box-title\">Optimisation des co\u00fbts de licence<\/h4><p class=\"elementor-image-box-description\">En tant que revendeurs de licences Microsoft, nous pouvons vous aider \u00e0 optimiser vos co\u00fbts de licences. Notre expertise vous permet de s\u00e9lectionner les licences les plus appropri\u00e9es \u00e0 vos besoins, garantissant ainsi une utilisation rentable des produits Microsoft.<\/p><\/div><\/div>\t\t<\/div>\n\t\t\t\t<\/div>\n\t\t\t\t\t<\/div>\n\t\t<\/div>\n\t\t\t\t<div class=\"elementor-column elementor-col-25 elementor-top-column elementor-element elementor-element-f237108\" data-id=\"f237108\" data-element_type=\"column\">\n\t\t\t<div class=\"elementor-widget-wrap elementor-element-populated\">\n\t\t\t\t\t\t\t\t<div class=\"elementor-element elementor-element-85c2268 elementor-vertical-align-top elementor-widget elementor-widget-image-box\" data-id=\"85c2268\" data-element_type=\"widget\" data-widget_type=\"image-box.default\">\n\t\t\t\t<div class=\"elementor-widget-container\">\n\t\t\t<div class=\"elementor-image-box-wrapper\"><div class=\"elementor-image-box-content\"><h4 class=\"elementor-image-box-title\">Votre site web<\/h4><p class=\"elementor-image-box-description\">Nous sommes \u00e9galement experts en solutions web, y compris la cr\u00e9ation de sites web modernes et conviviaux pour votre entreprise. Nous concevons des sites web personnalis\u00e9s qui correspondent \u00e0 votre image de marque et \u00e0 vos objectifs commerciaux.<\/p><\/div><\/div>\t\t<\/div>\n\t\t\t\t<\/div>\n\t\t\t\t\t<\/div>\n\t\t<\/div>\n\t\t\t\t\t\t\t<\/div>\n\t\t<\/section>\n\t\t\t\t<section class=\"elementor-section elementor-top-section elementor-element elementor-element-893cf71 elementor-section-boxed elementor-section-height-default elementor-section-height-default\" data-id=\"893cf71\" data-element_type=\"section\">\n\t\t\t\t\t\t<div class=\"elementor-container elementor-column-gap-default\">\n\t\t\t\t\t<div class=\"elementor-column elementor-col-50 elementor-top-column elementor-element elementor-element-39eccbe\" data-id=\"39eccbe\" data-element_type=\"column\">\n\t\t\t<div class=\"elementor-widget-wrap elementor-element-populated\">\n\t\t\t\t\t\t\t\t<div class=\"elementor-element elementor-element-812462a elementor-widget elementor-widget-spacer\" data-id=\"812462a\" data-element_type=\"widget\" data-widget_type=\"spacer.default\">\n\t\t\t\t<div class=\"elementor-widget-container\">\n\t\t\t\t\t<div class=\"elementor-spacer\">\n\t\t\t<div class=\"elementor-spacer-inner\"><\/div>\n\t\t<\/div>\n\t\t\t\t<\/div>\n\t\t\t\t<\/div>\n\t\t\t\t\t<\/div>\n\t\t<\/div>\n\t\t\t\t<div class=\"elementor-column elementor-col-50 elementor-top-column elementor-element elementor-element-52e0fe7\" data-id=\"52e0fe7\" data-element_type=\"column\">\n\t\t\t<div class=\"elementor-widget-wrap\">\n\t\t\t\t\t\t\t\t\t<\/div>\n\t\t<\/div>\n\t\t\t\t\t\t\t<\/div>\n\t\t<\/section>\n\t\t\t\t<section class=\"elementor-section elementor-top-section elementor-element elementor-element-85919ae elementor-section-boxed elementor-section-height-default elementor-section-height-default\" data-id=\"85919ae\" data-element_type=\"section\">\n\t\t\t\t\t\t<div class=\"elementor-container elementor-column-gap-default\">\n\t\t\t\t\t<div class=\"elementor-column elementor-col-100 elementor-top-column elementor-element elementor-element-5692ba1\" data-id=\"5692ba1\" data-element_type=\"column\">\n\t\t\t<div class=\"elementor-widget-wrap\">\n\t\t\t\t\t\t\t\t\t<\/div>\n\t\t<\/div>\n\t\t\t\t\t\t\t<\/div>\n\t\t<\/section>\n\t\t\t\t<section class=\"elementor-section elementor-top-section elementor-element elementor-element-3ed6e6b elementor-section-boxed elementor-section-height-default elementor-section-height-default\" data-id=\"3ed6e6b\" data-element_type=\"section\" data-settings=\"{&quot;background_background&quot;:&quot;classic&quot;}\">\n\t\t\t\t\t\t<div class=\"elementor-container elementor-column-gap-no\">\n\t\t\t\t\t<div class=\"elementor-column elementor-col-100 elementor-top-column elementor-element elementor-element-1503c98\" data-id=\"1503c98\" data-element_type=\"column\">\n\t\t\t<div class=\"elementor-widget-wrap\">\n\t\t\t\t\t\t\t\t\t<\/div>\n\t\t<\/div>\n\t\t\t\t\t\t\t<\/div>\n\t\t<\/section>\n\t\t\t\t<section class=\"elementor-section elementor-top-section elementor-element elementor-element-8164a91 elementor-section-boxed elementor-section-height-default elementor-section-height-default\" data-id=\"8164a91\" data-element_type=\"section\">\n\t\t\t\t\t\t<div class=\"elementor-container elementor-column-gap-default\">\n\t\t\t\t\t<div class=\"elementor-column elementor-col-100 elementor-top-column elementor-element elementor-element-a24830d\" data-id=\"a24830d\" data-element_type=\"column\">\n\t\t\t<div class=\"elementor-widget-wrap\">\n\t\t\t\t\t\t\t\t\t<\/div>\n\t\t<\/div>\n\t\t\t\t\t\t\t<\/div>\n\t\t<\/section>\n\t\t\t\t\t\t\t<\/div>","protected":false},"excerpt":{"rendered":"<p>Notre expertise Media Ap 31 Rue Stendhal Gennevilliers France En tant que partenaires sp\u00e9cialis\u00e9s de Microsoft, nous vous offrons des solutions et une expertise in\u00e9gal\u00e9es pour Microsoft 365 et Azure, garantissant que votre infrastructure est \u00e0 la fois puissante et \u00e9volutive. D\u00e9couvrez nos services Microsoft 365 qui vous aident \u00e0 tirer le meilleur parti de &hellip;<\/p>\n<p class=\"read-more\"> <a class=\"\" href=\"http:\/\/www.media-ap.com\/en\/our-expertise\/\"> <span class=\"screen-reader-text\">Our expertise<\/span> Read More &raquo;<\/a><\/p>","protected":false},"author":1,"featured_media":0,"parent":0,"menu_order":0,"comment_status":"closed","ping_status":"closed","template":"","meta":{"site-sidebar-layout":"no-sidebar","site-content-layout":"page-builder","ast-site-content-layout":"full-width-container","site-content-style":"unboxed","site-sidebar-style":"unboxed","ast-global-header-display":"","ast-banner-title-visibility":"","ast-main-header-display":"","ast-hfb-above-header-display":"","ast-hfb-below-header-display":"","ast-hfb-mobile-header-display":"","site-post-title":"disabled","ast-breadcrumbs-content":"","ast-featured-img":"disabled","footer-sml-layout":"","theme-transparent-header-meta":"enabled","adv-header-id-meta":"","stick-header-meta":"","header-above-stick-meta":"","header-main-stick-meta":"","header-below-stick-meta":"","astra-migrate-meta-layouts":"set","footnotes":""},"_links":{"self":[{"href":"http:\/\/www.media-ap.com\/en\/wp-json\/wp\/v2\/pages\/2882"}],"collection":[{"href":"http:\/\/www.media-ap.com\/en\/wp-json\/wp\/v2\/pages"}],"about":[{"href":"http:\/\/www.media-ap.com\/en\/wp-json\/wp\/v2\/types\/page"}],"author":[{"embeddable":true,"href":"http:\/\/www.media-ap.com\/en\/wp-json\/wp\/v2\/users\/1"}],"replies":[{"embeddable":true,"href":"http:\/\/www.media-ap.com\/en\/wp-json\/wp\/v2\/comments?post=2882"}],"version-history":[{"count":36,"href":"http:\/\/www.media-ap.com\/en\/wp-json\/wp\/v2\/pages\/2882\/revisions"}],"predecessor-version":[{"id":3104,"href":"http:\/\/www.media-ap.com\/en\/wp-json\/wp\/v2\/pages\/2882\/revisions\/3104"}],"wp:attachment":[{"href":"http:\/\/www.media-ap.com\/en\/wp-json\/wp\/v2\/media?parent=2882"}],"curies":[{"name":"wp","href":"https:\/\/api.w.org\/{rel}","templated":true}]}}